{"id":3614,"date":"2025-01-14T15:51:17","date_gmt":"2025-01-14T15:51:17","guid":{"rendered":"https:\/\/quibus.es\/?post_type=product&#038;p=3614"},"modified":"2025-02-25T16:29:46","modified_gmt":"2025-02-25T16:29:46","slug":"calcul-del-preu-just-de-la-nua-propietat-copia","status":"publish","type":"product","link":"https:\/\/quibus.es\/ca\/producto\/calcul-del-preu-just-de-la-nua-propietat-copia\/","title":{"rendered":"Renta vitalicia &#8211; resultado capital"},"content":{"rendered":"","protected":false},"excerpt":{"rendered":"<section class=\"section mcb-section mfn-default-section mcb-section-be8358ce3 default-width\" style=\"\">\n<div class=\"mcb-background-overlay\"><\/div>\n<div class=\"section_wrapper mfn-wrapper-for-wraps mcb-section-inner mcb-section-inner-be8358ce3\">\n<div class=\"wrap mcb-wrap mcb-wrap-ca2109763 one tablet-one laptop-one mobile-one clearfix\" data-desktop-col=\"one\" data-laptop-col=\"laptop-one\" data-tablet-col=\"tablet-one\" data-mobile-col=\"mobile-one\" style=\"\">\n<div class=\"mcb-wrap-inner mcb-wrap-inner-ca2109763 mfn-module-wrapper mfn-wrapper-for-wraps\">\n<div class=\"mcb-wrap-background-overlay\"><\/div>\n<div class=\"column mcb-column mcb-item-0619c963b one laptop-one tablet-one mobile-one column_heading\" style=\"\">\n<div class=\"mcb-column-inner mfn-module-wrapper mcb-column-inner-0619c963b mcb-item-heading-inner\">\n<h2 class=\"title\">A qui va dirigit el servei?<\/h2>\n<\/div>\n<\/div>\n<div class=\"column mcb-column mcb-item-92be3acc1 one-second laptop-one-second tablet-one-second mobile-one column_column\" style=\"\">\n<div class=\"mcb-column-inner mfn-module-wrapper mcb-column-inner-92be3acc1 mcb-item-column-inner\">\n<div class=\"column_attr mfn-inline-editor clearfix\" style=\"\">\n<p><strong>Inversors<\/strong><\/p>\n<p>Si ets inversor i vols fer propostes de compravenda de nua propietat, aquest servei t&#8217;ajudar\u00e0 a calcular el valor just de l&#8217;operaci\u00f3 amb dades precises, permetent-te <strong>optimitzar la teva inversi\u00f3 i prendre decisions informades.<\/strong><!-- p--><\/p>\n<\/div>\n<\/div>\n<\/div>\n<div class=\"column mcb-column mcb-item-723e259b0 one-second laptop-one-second tablet-one-second mobile-one column_column\" style=\"\">\n<div class=\"mcb-column-inner mfn-module-wrapper mcb-column-inner-723e259b0 mcb-item-column-inner\">\n<div class=\"column_attr mfn-inline-editor clearfix\" style=\"\">\n<p><strong>Propietaris<\/strong><\/p>\n<p>Si heu rebut una oferta per vendre la nua propietat del vostre habitatge, el nostre servei&nbsp;<strong>t&#8217;ajudar\u00e0 a verificar si \u00e9s justa<\/strong>. Factors com l&#8217;esperan\u00e7a de vida, el valor de taxaci\u00f3 i les rendes mensuals, us podreu assegurar que l&#8217;oferta \u00e9s adequada.<\/p>\n<\/div>\n<\/div>\n<\/div>\n<\/div>\n<\/div>\n<\/div>\n<\/section>\n<section class=\"section mcb-section mfn-default-section mcb-section-92d08e2c8 default-width\" style=\"\">\n<div class=\"mcb-background-overlay\"><\/div>\n<div class=\"section_wrapper mfn-wrapper-for-wraps mcb-section-inner mcb-section-inner-92d08e2c8\">\n<div class=\"wrap mcb-wrap mcb-wrap-25672691c one tablet-one laptop-one mobile-one clearfix\" data-desktop-col=\"one\" data-laptop-col=\"laptop-one\" data-tablet-col=\"tablet-one\" data-mobile-col=\"mobile-one\" style=\"\">\n<div class=\"mcb-wrap-inner mcb-wrap-inner-25672691c mfn-module-wrapper mfn-wrapper-for-wraps\">\n<div class=\"mcb-wrap-background-overlay\"><\/div>\n<div class=\"column mcb-column mcb-item-37a1b5b41 one laptop-one tablet-one mobile-one column_heading\" style=\"\">\n<div class=\"mcb-column-inner mfn-module-wrapper mcb-column-inner-37a1b5b41 mcb-item-heading-inner\">\n<h2 class=\"title\">Descarrega un exemple de l&#8217;informe<\/h2>\n<\/div>\n<\/div>\n<div class=\"column mcb-column mcb-item-22246f799 one laptop-one tablet-one mobile-one column_column\" style=\"\">\n<div class=\"mcb-column-inner mfn-module-wrapper mcb-column-inner-22246f799 mcb-item-column-inner\">\n<div class=\"column_attr mfn-inline-editor clearfix\" style=\"\">\n<p>Abans de fer la compra, pots descarregar un informe model per veure com es presenten els resultats del teu c\u00e0lcul. Aquest informe inclou tots els detalls actuarials i financers que rebr\u00e0s una vegada que completis el pagament.<\/p>\n<\/div>\n<\/div>\n<\/div>\n<\/div>\n<\/div>\n<div class=\"wrap mcb-wrap mcb-wrap-0077c5b9b one tablet-one laptop-one mobile-one clearfix\" data-desktop-col=\"one\" data-laptop-col=\"laptop-one\" data-tablet-col=\"tablet-one\" data-mobile-col=\"mobile-one\" style=\"\">\n<div class=\"mcb-wrap-inner mcb-wrap-inner-0077c5b9b mfn-module-wrapper mfn-wrapper-for-wraps\">\n<div class=\"mcb-wrap-background-overlay\"><\/div>\n<div class=\"column mcb-column mcb-item-ac3d40bec one laptop-one tablet-one mobile-one column_button\" style=\"\">\n<div class=\"mcb-column-inner mfn-module-wrapper mcb-column-inner-ac3d40bec mcb-item-button-inner\"><a class=\"button  button_size_1\" href=\"https:\/\/quibus.es\/wp-content\/uploads\/2024\/10\/fichero-modelo.pdf\" target=\"_blank\" title=\"\" rel=\"noopener\"><span class=\"button_label\">Descarrega el fitxer<\/span><\/a>\n<\/div>\n<\/div>\n<\/div>\n<\/div>\n<\/div>\n<\/section>\n<section class=\"section mcb-section mfn-default-section mcb-section-db3d9830c default-width\" style=\"\">\n<div class=\"mcb-background-overlay\"><\/div>\n<div class=\"section_wrapper mfn-wrapper-for-wraps mcb-section-inner mcb-section-inner-db3d9830c\">\n<div class=\"wrap mcb-wrap mcb-wrap-4957aea00 one tablet-one laptop-one mobile-one clearfix\" data-desktop-col=\"one\" data-laptop-col=\"laptop-one\" data-tablet-col=\"tablet-one\" data-mobile-col=\"mobile-one\" style=\"\">\n<div class=\"mcb-wrap-inner mcb-wrap-inner-4957aea00 mfn-module-wrapper mfn-wrapper-for-wraps\">\n<div class=\"mcb-wrap-background-overlay\"><\/div>\n<div class=\"column mcb-column mcb-item-c4930232d one laptop-one tablet-one mobile-one column_heading\" style=\"\">\n<div class=\"mcb-column-inner mfn-module-wrapper mcb-column-inner-c4930232d mcb-item-heading-inner\">\n<h2 class=\"title\">La valoraci\u00f3 en preu just en nom\u00e9s 3 passes<\/h2>\n<\/div>\n<\/div>\n<\/div>\n<\/div>\n<div class=\"wrap mcb-wrap mcb-wrap-1a181b273 one-third tablet-one-third laptop-one-third mobile-one clearfix\" data-desktop-col=\"one-third\" data-laptop-col=\"laptop-one-third\" data-tablet-col=\"tablet-one-third\" data-mobile-col=\"mobile-one\" style=\"\">\n<div class=\"mcb-wrap-inner mcb-wrap-inner-1a181b273 mfn-module-wrapper mfn-wrapper-for-wraps\">\n<div class=\"mcb-wrap-background-overlay\"><\/div>\n<div class=\"column mcb-column mcb-item-be90bfa2f one laptop-one tablet-one mobile-one column_heading\" style=\"\">\n<div class=\"mcb-column-inner mfn-module-wrapper mcb-column-inner-be90bfa2f mcb-item-heading-inner\">\n<h3 class=\"title\">1<\/h3>\n<\/div>\n<\/div>\n<div class=\"column mcb-column mcb-item-d77db1d12 one laptop-one tablet-one mobile-one column_heading\" style=\"\">\n<div class=\"mcb-column-inner mfn-module-wrapper mcb-column-inner-d77db1d12 mcb-item-heading-inner\">\n<p class=\"title\">Omple les dades i fes clic al bot\u00f3 comprar<\/p>\n<\/div>\n<\/div>\n<div class=\"column mcb-column mcb-item-ff91d7db4 one laptop-one tablet-one mobile-one column_divider_2\" style=\"\">\n<div class=\"mcb-column-inner mfn-module-wrapper mcb-column-inner-ff91d7db4 mcb-item-divider_2-inner\">\n<div class=\"mfn-divider mfn-divider-border mfn-divider-border-solid mfn-divider-center\">\n<div class=\"mfn-divider-inner\"><\/div>\n<\/div>\n<\/div>\n<\/div>\n<\/div>\n<\/div>\n<div class=\"wrap mcb-wrap mcb-wrap-96ba2882c one-third tablet-one-third laptop-one-third mobile-one clearfix\" data-desktop-col=\"one-third\" data-laptop-col=\"laptop-one-third\" data-tablet-col=\"tablet-one-third\" data-mobile-col=\"mobile-one\" style=\"\">\n<div class=\"mcb-wrap-inner mcb-wrap-inner-96ba2882c mfn-module-wrapper mfn-wrapper-for-wraps\">\n<div class=\"mcb-wrap-background-overlay\"><\/div>\n<div class=\"column mcb-column mcb-item-a506eb595 one laptop-one tablet-one mobile-one column_heading\" style=\"\">\n<div class=\"mcb-column-inner mfn-module-wrapper mcb-column-inner-a506eb595 mcb-item-heading-inner\">\n<h3 class=\"title\">2<\/h3>\n<\/div>\n<\/div>\n<div class=\"column mcb-column mcb-item-cfb42bfe2 one laptop-one tablet-one mobile-one column_heading\" style=\"\">\n<div class=\"mcb-column-inner mfn-module-wrapper mcb-column-inner-cfb42bfe2 mcb-item-heading-inner\">\n<p class=\"title\">Introdueix les dades de facturaci\u00f3 i pagament<\/p>\n<\/div>\n<\/div>\n<div class=\"column mcb-column mcb-item-8ec759e2f one laptop-one tablet-one mobile-one column_divider_2\" style=\"\">\n<div class=\"mcb-column-inner mfn-module-wrapper mcb-column-inner-8ec759e2f mcb-item-divider_2-inner\">\n<div class=\"mfn-divider mfn-divider-border mfn-divider-border-solid mfn-divider-center\">\n<div class=\"mfn-divider-inner\"><\/div>\n<\/div>\n<\/div>\n<\/div>\n<\/div>\n<\/div>\n<div class=\"wrap mcb-wrap mcb-wrap-50be5697d one-third tablet-one-third laptop-one-third mobile-one clearfix\" data-desktop-col=\"one-third\" data-laptop-col=\"laptop-one-third\" data-tablet-col=\"tablet-one-third\" data-mobile-col=\"mobile-one\" style=\"\">\n<div class=\"mcb-wrap-inner mcb-wrap-inner-50be5697d mfn-module-wrapper mfn-wrapper-for-wraps\">\n<div class=\"mcb-wrap-background-overlay\"><\/div>\n<div class=\"column mcb-column mcb-item-ab864435e one laptop-one tablet-one mobile-one column_heading\" style=\"\">\n<div class=\"mcb-column-inner mfn-module-wrapper mcb-column-inner-ab864435e mcb-item-heading-inner\">\n<h3 class=\"title\">3<\/h3>\n<\/div>\n<\/div>\n<div class=\"column mcb-column mcb-item-8cfb084cf one laptop-one tablet-one mobile-one column_heading\" style=\"\">\n<div class=\"mcb-column-inner mfn-module-wrapper mcb-column-inner-8cfb084cf mcb-item-heading-inner\">\n<p class=\"title\"><strong>Rep en uns instants<\/strong> la teva valoraci\u00f3 de preu just<\/p>\n<\/div>\n<\/div>\n<div class=\"column mcb-column mcb-item-ef20a49ef one laptop-one tablet-one mobile-one column_divider_2\" style=\"\">\n<div class=\"mcb-column-inner mfn-module-wrapper mcb-column-inner-ef20a49ef mcb-item-divider_2-inner\">\n<div class=\"mfn-divider mfn-divider-border mfn-divider-border-solid mfn-divider-center\">\n<div class=\"mfn-divider-inner\"><\/div>\n<\/div>\n<\/div>\n<\/div>\n<\/div>\n<\/div>\n<\/div>\n<\/section>\n","protected":false},"featured_media":0,"template":"","meta":[],"product_brand":[],"product_cat":[],"product_tag":[],"class_list":{"0":"post-3614","1":"product","2":"type-product","3":"status-publish","5":"wcpa_has_options","7":"first","8":"instock","9":"downloadable","10":"virtual","11":"sold-individually","12":"taxable","13":"purchasable","14":"product-type-simple"},"aioseo_notices":[],"_links":{"self":[{"href":"https:\/\/quibus.es\/ca\/wp-json\/wp\/v2\/product\/3614","targetHints":{"allow":["GET"]}}],"collection":[{"href":"https:\/\/quibus.es\/ca\/wp-json\/wp\/v2\/product"}],"about":[{"href":"https:\/\/quibus.es\/ca\/wp-json\/wp\/v2\/types\/product"}],"wp:attachment":[{"href":"https:\/\/quibus.es\/ca\/wp-json\/wp\/v2\/media?parent=3614"}],"wp:term":[{"taxonomy":"product_brand","embeddable":true,"href":"https:\/\/quibus.es\/ca\/wp-json\/wp\/v2\/product_brand?post=3614"},{"taxonomy":"product_cat","embeddable":true,"href":"https:\/\/quibus.es\/ca\/wp-json\/wp\/v2\/product_cat?post=3614"},{"taxonomy":"product_tag","embeddable":true,"href":"https:\/\/quibus.es\/ca\/wp-json\/wp\/v2\/product_tag?post=3614"}],"curies":[{"name":"wp","href":"https:\/\/api.w.org\/{rel}","templated":true}]}}