{"id":3585,"date":"2024-08-14T10:53:46","date_gmt":"2024-08-14T10:53:46","guid":{"rendered":"https:\/\/quibus.es\/producto\/calcul-del-preu-just-de-la-nua-propietat\/"},"modified":"2025-05-18T21:25:16","modified_gmt":"2025-05-18T21:25:16","slug":"calcul-del-preu-just-de-la-nua-propietat","status":"publish","type":"product","link":"https:\/\/quibus.es\/ca\/producto\/calcul-del-preu-just-de-la-nua-propietat\/","title":{"rendered":"C\u00e0lcul del preu just de la nua propietat"},"content":{"rendered":"","protected":false},"excerpt":{"rendered":"<section class=\"section mcb-section mfn-default-section mcb-section-be8358ce3 default-width\" style=\"\">\n<div class=\"mcb-background-overlay\"><\/div>\n<div class=\"section_wrapper mfn-wrapper-for-wraps mcb-section-inner mcb-section-inner-be8358ce3\">\n<div class=\"wrap mcb-wrap mcb-wrap-ca2109763 one tablet-one laptop-one mobile-one clearfix\" data-desktop-col=\"one\" data-laptop-col=\"laptop-one\" data-tablet-col=\"tablet-one\" data-mobile-col=\"mobile-one\" style=\"\">\n<div class=\"mcb-wrap-inner mcb-wrap-inner-ca2109763 mfn-module-wrapper mfn-wrapper-for-wraps\">\n<div class=\"mcb-wrap-background-overlay\"><\/div>\n<div class=\"column mcb-column mcb-item-0619c963b one laptop-one tablet-one mobile-one column_heading\" style=\"\">\n<div class=\"mcb-column-inner mfn-module-wrapper mcb-column-inner-0619c963b mcb-item-heading-inner\">\n<h2 class=\"title\">A qui va dirigit el servei?<\/h2>\n<\/div>\n<\/div>\n<div class=\"column mcb-column mcb-item-92be3acc1 one-second laptop-one-second tablet-one-second mobile-one column_column\" style=\"\">\n<div class=\"mcb-column-inner mfn-module-wrapper mcb-column-inner-92be3acc1 mcb-item-column-inner\">\n<div class=\"column_attr mfn-inline-editor clearfix\" style=\"\">\n<p><strong>Inversors<\/strong><\/p>\n<p>Si ets inversor i vols fer propostes de compravenda de nua propietat, aquest servei t&#8217;ajudar\u00e0 a calcular el valor just de l&#8217;operaci\u00f3 amb dades precises, permetent-te <strong>optimitzar la teva inversi\u00f3 i prendre decisions informades.<\/strong><!-- p--><\/p>\n<\/div>\n<\/div>\n<\/div>\n<div class=\"column mcb-column mcb-item-723e259b0 one-second laptop-one-second tablet-one-second mobile-one column_column\" style=\"\">\n<div class=\"mcb-column-inner mfn-module-wrapper mcb-column-inner-723e259b0 mcb-item-column-inner\">\n<div class=\"column_attr mfn-inline-editor clearfix\" style=\"\">\n<p><strong>Propietaris<\/strong><\/p>\n<p>Si heu rebut una oferta per vendre la nua propietat del vostre habitatge, el nostre servei&nbsp;<strong>t&#8217;ajudar\u00e0 a verificar si \u00e9s justa<\/strong>. Factors com l&#8217;esperan\u00e7a de vida, el valor de taxaci\u00f3 i les rendes mensuals, us podreu assegurar que l&#8217;oferta \u00e9s adequada.<\/p>\n<\/div>\n<\/div>\n<\/div>\n<\/div>\n<\/div>\n<\/div>\n<\/section>\n<section class=\"section mcb-section mfn-default-section mcb-section-497c042e2\" style=\"\">\n<div class=\"mcb-background-overlay\"><\/div>\n<div class=\"section_wrapper mfn-wrapper-for-wraps mcb-section-inner mcb-section-inner-497c042e2\">\n<div class=\"wrap mcb-wrap mcb-wrap-edbcaa600 one tablet-one laptop-one mobile-one clearfix\" data-desktop-col=\"one\" data-laptop-col=\"laptop-one\" data-tablet-col=\"tablet-one\" data-mobile-col=\"mobile-one\" style=\"\">\n<div class=\"mcb-wrap-inner mcb-wrap-inner-edbcaa600 mfn-module-wrapper mfn-wrapper-for-wraps\">\n<div class=\"mcb-wrap-background-overlay\"><\/div>\n<div class=\"column mcb-column mcb-item-aae6e339f one laptop-one tablet-one mobile-one column_column\" style=\"\">\n<div class=\"mcb-column-inner mfn-module-wrapper mcb-column-inner-aae6e339f mcb-item-column-inner\">\n<div class=\"column_attr mfn-inline-editor clearfix\" style=\"\">\n<p><img decoding=\"async\" draggable=\"false\" role=\"img\" class=\"emoji\" alt=\"\ud83d\udcdd\" src=\"https:\/\/s.w.org\/images\/core\/emoji\/15.1.0\/svg\/1f4dd.svg\"> <span style=\"text-decoration: underline;\"><strong>Qu\u00e8 obtindr\u00e0s?<\/strong><\/span><\/p>\n<p>Un informe amb els resultats dels c\u00e0lculs actuarials sobre la renda vital\u00edcia.<br \/>Pots veure un exemple de l\u2019informe aqu\u00ed.<\/p>\n<\/div>\n<\/div>\n<\/div>\n<div class=\"column mcb-column mcb-item-185581258 one laptop-one tablet-one mobile-one column_button\" style=\"\">\n<div class=\"mcb-column-inner mfn-module-wrapper mcb-column-inner-185581258 mcb-item-button-inner\"><a class=\"button  button_left button_size_2\" href=\"https:\/\/quibus.es\/wp-content\/uploads\/2025\/04\/report-exemple-nua-propiedad.pdf\" id=\"file_example\" target=\"_blank\" title=\"\"><span class=\"button_icon\"><i class=\"far fa-file-pdf\" aria-hidden=\"true\"><\/i><\/span><span class=\"button_label\">Descarrega el fitxer GRATIS<\/span><\/a>\n<\/div>\n<\/div>\n<div class=\"column mcb-column mcb-item-82f8e61b0 one laptop-one tablet-one mobile-one column_column\" style=\"\">\n<div class=\"mcb-column-inner mfn-module-wrapper mcb-column-inner-82f8e61b0 mcb-item-column-inner\">\n<div class=\"column_attr mfn-inline-editor clearfix\" style=\"\">\n<p><img decoding=\"async\" draggable=\"false\" role=\"img\" class=\"emoji\" alt=\"\ud83c\udff7\ufe0f\" src=\"https:\/\/s.w.org\/images\/core\/emoji\/15.1.0\/svg\/1f3f7.svg\"> <strong><span style=\"text-decoration: underline;\">\u00bfQuin cost t\u00e9 el teu informe PERSONALIZADO?<\/span><\/strong><\/p>\n<p>El preu per obtenir el resultat \u00e9s de <strong>360 \u20ac<\/strong> i et regalem <u>2 usos gratu\u00efts<\/u> per als teus propers c\u00e0lculs.<\/p>\n<\/div>\n<\/div>\n<\/div>\n<\/div>\n<\/div>\n<\/div>\n<\/section>\n<section class=\"section mcb-section mfn-default-section mcb-section-81348c2c2\" style=\"\">\n<div class=\"mcb-background-overlay\"><\/div>\n<div class=\"section_wrapper mfn-wrapper-for-wraps mcb-section-inner mcb-section-inner-81348c2c2\">\n<div class=\"wrap mcb-wrap mcb-wrap-184b61ddc one tablet-one laptop-one mobile-one clearfix\" data-desktop-col=\"one\" data-laptop-col=\"laptop-one\" data-tablet-col=\"tablet-one\" data-mobile-col=\"mobile-one\" style=\"\">\n<div class=\"mcb-wrap-inner mcb-wrap-inner-184b61ddc mfn-module-wrapper mfn-wrapper-for-wraps\">\n<div class=\"mcb-wrap-background-overlay\"><\/div>\n<div class=\"column mcb-column mcb-item-8d8ef3d64 one laptop-one tablet-one mobile-one column_heading\" style=\"\">\n<div class=\"mcb-column-inner mfn-module-wrapper mcb-column-inner-8d8ef3d64 mcb-item-heading-inner\">\n<h2 class=\"title\">La valoraci\u00f3 en preu just en nom\u00e9s 3 passes<\/h2>\n<\/div>\n<\/div>\n<\/div>\n<\/div>\n<div class=\"wrap mcb-wrap mcb-wrap-3665d0cd2 one-third tablet-one-third laptop-one-third mobile-one clearfix\" data-desktop-col=\"one-third\" data-laptop-col=\"laptop-one-third\" data-tablet-col=\"tablet-one-third\" data-mobile-col=\"mobile-one\" style=\"\">\n<div class=\"mcb-wrap-inner mcb-wrap-inner-3665d0cd2 mfn-module-wrapper mfn-wrapper-for-wraps\">\n<div class=\"mcb-wrap-background-overlay\"><\/div>\n<div class=\"column mcb-column mcb-item-87bd6ee79 one laptop-one tablet-one mobile-one column_heading\" style=\"\">\n<div class=\"mcb-column-inner mfn-module-wrapper mcb-column-inner-87bd6ee79 mcb-item-heading-inner\">\n<h3 class=\"title\">1<\/h3>\n<\/div>\n<\/div>\n<div class=\"column mcb-column mcb-item-cd0ecfe44 one laptop-one tablet-one mobile-one column_heading\" style=\"\">\n<div class=\"mcb-column-inner mfn-module-wrapper mcb-column-inner-cd0ecfe44 mcb-item-heading-inner\">\n<p class=\"title\">Omple les dades i fes clic al bot\u00f3 comprar<\/p>\n<\/div>\n<\/div>\n<div class=\"column mcb-column mcb-item-71d9410cc one laptop-one tablet-one mobile-one column_divider_2\" style=\"\">\n<div class=\"mcb-column-inner mfn-module-wrapper mcb-column-inner-71d9410cc mcb-item-divider_2-inner\">\n<div class=\"mfn-divider mfn-divider-border mfn-divider-border-solid mfn-divider-center\">\n<div class=\"mfn-divider-inner\"><\/div>\n<\/div>\n<\/div>\n<\/div>\n<\/div>\n<\/div>\n<div class=\"wrap mcb-wrap mcb-wrap-d8f65612e one-third tablet-one-third laptop-one-third mobile-one clearfix\" data-desktop-col=\"one-third\" data-laptop-col=\"laptop-one-third\" data-tablet-col=\"tablet-one-third\" data-mobile-col=\"mobile-one\" style=\"\">\n<div class=\"mcb-wrap-inner mcb-wrap-inner-d8f65612e mfn-module-wrapper mfn-wrapper-for-wraps\">\n<div class=\"mcb-wrap-background-overlay\"><\/div>\n<div class=\"column mcb-column mcb-item-f9c361f8e one laptop-one tablet-one mobile-one column_heading\" style=\"\">\n<div class=\"mcb-column-inner mfn-module-wrapper mcb-column-inner-f9c361f8e mcb-item-heading-inner\">\n<h3 class=\"title\">2<\/h3>\n<\/div>\n<\/div>\n<div class=\"column mcb-column mcb-item-a9ca5650e one laptop-one tablet-one mobile-one column_heading\" style=\"\">\n<div class=\"mcb-column-inner mfn-module-wrapper mcb-column-inner-a9ca5650e mcb-item-heading-inner\">\n<p class=\"title\">Introdueix les dades de facturaci\u00f3 i pagament<\/p>\n<\/div>\n<\/div>\n<div class=\"column mcb-column mcb-item-76aedefbc one laptop-one tablet-one mobile-one column_divider_2\" style=\"\">\n<div class=\"mcb-column-inner mfn-module-wrapper mcb-column-inner-76aedefbc mcb-item-divider_2-inner\">\n<div class=\"mfn-divider mfn-divider-border mfn-divider-border-solid mfn-divider-center\">\n<div class=\"mfn-divider-inner\"><\/div>\n<\/div>\n<\/div>\n<\/div>\n<\/div>\n<\/div>\n<div class=\"wrap mcb-wrap mcb-wrap-9c57c6f30 one-third tablet-one-third laptop-one-third mobile-one clearfix\" data-desktop-col=\"one-third\" data-laptop-col=\"laptop-one-third\" data-tablet-col=\"tablet-one-third\" data-mobile-col=\"mobile-one\" style=\"\">\n<div class=\"mcb-wrap-inner mcb-wrap-inner-9c57c6f30 mfn-module-wrapper mfn-wrapper-for-wraps\">\n<div class=\"mcb-wrap-background-overlay\"><\/div>\n<div class=\"column mcb-column mcb-item-8f7f74c09 one laptop-one tablet-one mobile-one column_heading\" style=\"\">\n<div class=\"mcb-column-inner mfn-module-wrapper mcb-column-inner-8f7f74c09 mcb-item-heading-inner\">\n<h3 class=\"title\">3<\/h3>\n<\/div>\n<\/div>\n<div class=\"column mcb-column mcb-item-e416b7e6e one laptop-one tablet-one mobile-one column_heading\" style=\"\">\n<div class=\"mcb-column-inner mfn-module-wrapper mcb-column-inner-e416b7e6e mcb-item-heading-inner\">\n<p class=\"title\"><strong>Rep en uns instants<\/strong> la teva valoraci\u00f3 de preu just<\/p>\n<\/div>\n<\/div>\n<div class=\"column mcb-column mcb-item-532bb22c2 one laptop-one tablet-one mobile-one column_divider_2\" style=\"\">\n<div class=\"mcb-column-inner mfn-module-wrapper mcb-column-inner-532bb22c2 mcb-item-divider_2-inner\">\n<div class=\"mfn-divider mfn-divider-border mfn-divider-border-solid mfn-divider-center\">\n<div class=\"mfn-divider-inner\"><\/div>\n<\/div>\n<\/div>\n<\/div>\n<\/div>\n<\/div>\n<\/div>\n<\/section>\n","protected":false},"featured_media":0,"template":"","meta":[],"product_brand":[],"product_cat":[],"product_tag":[],"class_list":{"0":"post-3585","1":"product","2":"type-product","3":"status-publish","5":"wcpa_has_options","7":"first","8":"instock","9":"downloadable","10":"virtual","11":"sold-individually","12":"taxable","13":"purchasable","14":"product-type-simple"},"aioseo_notices":[],"_links":{"self":[{"href":"https:\/\/quibus.es\/ca\/wp-json\/wp\/v2\/product\/3585","targetHints":{"allow":["GET"]}}],"collection":[{"href":"https:\/\/quibus.es\/ca\/wp-json\/wp\/v2\/product"}],"about":[{"href":"https:\/\/quibus.es\/ca\/wp-json\/wp\/v2\/types\/product"}],"wp:attachment":[{"href":"https:\/\/quibus.es\/ca\/wp-json\/wp\/v2\/media?parent=3585"}],"wp:term":[{"taxonomy":"product_brand","embeddable":true,"href":"https:\/\/quibus.es\/ca\/wp-json\/wp\/v2\/product_brand?post=3585"},{"taxonomy":"product_cat","embeddable":true,"href":"https:\/\/quibus.es\/ca\/wp-json\/wp\/v2\/product_cat?post=3585"},{"taxonomy":"product_tag","embeddable":true,"href":"https:\/\/quibus.es\/ca\/wp-json\/wp\/v2\/product_tag?post=3585"}],"curies":[{"name":"wp","href":"https:\/\/api.w.org\/{rel}","templated":true}]}}