{"id":1373,"date":"2022-09-15T15:42:01","date_gmt":"2022-09-15T15:42:01","guid":{"rendered":"https:\/\/quibus.marketingbit.es\/?page_id=1373"},"modified":"2022-10-26T11:16:17","modified_gmt":"2022-10-26T11:16:17","slug":"politica-de-privacitat","status":"publish","type":"page","link":"https:\/\/quibus.es\/ca\/politica-de-privacitat\/","title":{"rendered":"Pol\u00edtica de privacitat"},"content":{"rendered":"<p>Deure d\u2019Informaci\u00f3 RGPD<br><strong>Usuaris web \/ Mail \/ Potencials clients<\/strong><\/p><p><strong><u>Informaci\u00f3 addicional:<\/u><\/strong><\/p><p>Com a part del compliment de l\u2019art. 13 i 14 del REGLAMENT (UE) 2016\/679 DEL PARLAMENT EUROPEU I DEL CONSELL de 27 d\u2019abril de 2016 relatiu a la protecci\u00f3 de les persones f\u00edsiques pel que fa al tractament de dades personals i a la lliure circulaci\u00f3 d\u2019aquestes dades i pel qual es deroga la Directiva 95\/46 \/ CE (Reglament general de protecci\u00f3 de dades), detallem el deure d\u2019informaci\u00f3 ja esmentat en la informaci\u00f3 principal:<\/p><p><strong>1.- RESPONSABLE DEL TRACTAMENT<\/strong><\/p><p>El responsable del tractament \u00e9s:<\/p><p>Consultoria Financiero Actuarial, SLP en endavant l\u2019organitzaci\u00f3.<\/p><p>CIF: B-61642906<\/p><p>Domicili social: C\/ Avinguda Josep Tarradellas 38 \u2013 08029 \u2013 Barcelona<\/p><p>Adre\u00e7a de correu electr\u00f2nic: info@quibus.es<\/p><p><strong>2.- FINALITAT DEL TRACTAMENT<\/strong><\/p><p>En l\u2019organitzaci\u00f3 tractem la informaci\u00f3 que ens facilitin els usuaris amb la finalitat de:<\/p><ol class=\"wp-block-list\"><li>Gestionar la relaci\u00f3 contractual consistent en la prestaci\u00f3 del servei.<\/li><li>Poder atendre sol\u00b7licituds rebudes.<\/li><li>No es generar\u00e0 cap perfil sobre la seva navegaci\u00f3 pel que no es prendran decisions automatitzades sobre la base del mateix.<\/li><li>Realitzar estudis de mercat i estad\u00edstiques.<\/li><li>Gestionar possibles incid\u00e8ncies.<\/li><li>Mantenir-lo informat, a trav\u00e9s de correu electr\u00f2nic o per qualsevol altre mitj\u00e0 equivalent, de tots aquells productes o serveis dels que ens han demanat informaci\u00f3.<\/li><\/ol><p><strong>3.- TERMINI DE CONSERVACI\u00d3<\/strong><\/p><p>Les dades personals seran mantinguts mentre es mantingui la vinculaci\u00f3 amb l\u2019organitzaci\u00f3. En finalitzar els mateixos, les dades personals tractades en cadascuna de les finalitats indicades es mantindran durant els terminis legalment previstos o durant el termini que un jutge o tribunal els pugui requerir atenent al termini de prescripci\u00f3 d\u2019accions judicials. Si no hi ha aquest termini legal, fins que l\u2019interessat sol\u00b7liciti la seva supressi\u00f3 o revoqui el consentiment atorgat.<\/p><p><strong>4.- LEGITIMACI\u00d3 DEL TRACTAMENT<\/strong><\/p><p>Les dades sol\u00b7licitades en els formularis de contacte s\u00f3n dades obligat\u00f2ries. Si no es complimentant, no podrem atendre la seva sol\u00b7licitud, sent el propi sistema el que detecti i l\u2019informi del no enviament del missatge.<\/p><p><strong>5.- DESTINATARIS DE CESSIONS O TRANSFER\u00c8NCIES<\/strong><\/p><p>No es tenen previstes cessions de dades.<\/p><p>L\u2019informem tamb\u00e9 de l\u2019exist\u00e8ncia d\u2019Encarregats de Tractament, la legitimitat del tractament \u00e9s l\u2019execuci\u00f3 del contracte de l\u2019enc\u00e0rrec i amb els quals se signa el degut contracte d\u2019acc\u00e9s a dades per compte de tercers. Tamb\u00e9 es t\u00e9 la deguda dilig\u00e8ncia a l\u2019hora de triar \u00fanicament encarregats que ofereixin garanties suficients per aplicar mesures t\u00e8cniques i organitzatives apropiades, de manera que el tractament sigui conforme amb els requisits del Reglament.<\/p><p>Per contra, no es tenen previstes transfer\u00e8ncies internacionals de dades ni mitjan\u00e7ant cessi\u00f3 ni mitjan\u00e7ant enc\u00e0rrec de tractament.<\/p><p><strong>6.- DRETS DE LES PERSONES INTERESSADES<\/strong><\/p><p>Els usuaris tenen dret a accedir a les seves dades personals, aix\u00ed com a obtenir sense dilaci\u00f3 indeguda de la nostra part la rectificaci\u00f3 de les dades personals inexactes que li concerneixin o completant les dades personals que siguin incompletes, inclusivament mitjan\u00e7ant una declaraci\u00f3 addicional.<\/p><p>Igualment, l\u2019informem que pot sol\u00b7licitar la supressi\u00f3 de les seves dades quan, entre d\u2019altres motius<\/p><ol class=\"wp-block-list\"><li>a) les dades personals ja no siguin necessaris en relaci\u00f3 amb els fins per als quals van ser recollits o tractats d\u2019una altra manera;<\/li><li>b) l\u2019usuari retiri el consentiment en qu\u00e8 es basa el tractament<\/li><li>c) l\u2019usuari s\u2019oposi al tractament de les seves dades<\/li><li>d) l\u2019usuari intu\u00eds o hagu\u00e9s rebut informaci\u00f3 de que les dades personals hagin estat tractats il\u00b7l\u00edcitament;<\/li><li>e) les dades personals hagin de suprimir per al compliment d\u2019una obligaci\u00f3 legal establerta en el Dret de la Uni\u00f3 o dels estats membres que s\u2019apliqui al responsable del tractament;<\/li><\/ol><p>En les seg\u00fcents circumst\u00e0ncies, podran sol\u00b7licitar la limitaci\u00f3 del tractament de les seves dades:<\/p><ol class=\"wp-block-list\"><li>a) quan l\u2019usuari impugni l\u2019exactitud de les dades personals, durant un termini que permeti al responsable verificar l\u2019exactitud dels mateixos;<\/li><li>b) quan el tractament sigui il\u00b7l\u00edcit i l\u2019usuari s\u2019oposi a la supressi\u00f3 de les dades personals i sol\u00b7liciti en el seu lloc la limitaci\u00f3 del seu \u00fas;<\/li><li>c) Quan l\u2019organitzaci\u00f3: ja no necessiti les dades personals per a les finalitats del tractament, per\u00f2 l\u2019usuari els necessiti per a la formulaci\u00f3, l\u2019exercici o la defensa de reclamacions;<\/li><li>d) quan l\u2019usuari s\u2019hagi oposat al tractament dels mateixos, mentre es verifica si els motius leg\u00edtims del responsable prevalen sobre els de l\u2019interessat.<\/li><\/ol><p>En determinades circumst\u00e0ncies i per motius relacionats amb la seva situaci\u00f3 particular, els interessats podran oposar-se al tractament de les seves dades. L\u2019organitzaci\u00f3 deixar\u00e0 de tractar les dades, excepte per motius leg\u00edtims imperiosos, o l\u2019exercici o la defensa de possibles reclamacions.<\/p><p>Les dades facilitades per l\u2019usuari web es basen en el consentiment, de manera que aquest consentiment podr\u00e0 ser revocat en qualsevol moment sense que produeixi efectes retroactius.<\/p><p>Per a l\u2019exercici de qualsevol d\u2019aquests drets o per revocar el consentiment pot fer-ho enviant un Mail a info@quibus.es<\/p><p>Finalment li informem que si no contestem en termini a alguna de les seves sol\u00b7licituds o no est\u00e0 d\u2019acord amb la nostra contestaci\u00f3 pot acudir a l\u2019Ag\u00e8ncia Espanyola de Protecci\u00f3 de dades i exercir una tutela dels seus drets.<\/p><p>Deure d\u2019Informaci\u00f3 RGPD<br><strong>Clients empreses, administraci\u00f3 p\u00fablica, auditors i entitats asseguradores<\/strong><\/p><p><strong><u>Informaci\u00f3 addicional:<\/u><\/strong><\/p><p>Com a part del compliment de l\u2019art. 13 i 14 del REGLAMENT (UE) 2016\/679 DEL PARLAMENT EUROPEU I DEL CONSELL de 27 d\u2019abril de 2016 relatiu a la protecci\u00f3 de les persones f\u00edsiques pel que fa al tractament de dades personals i a la lliure circulaci\u00f3 d\u2019aquestes dades i pel qual es deroga la Directiva 95\/46 \/ CE (Reglament general de protecci\u00f3 de dades), detallem el deure d\u2019informaci\u00f3 ja esmentat en la informaci\u00f3 principal:<\/p><p><strong>1.- RESPONSABLE DEL TRACTAMENT<\/strong><\/p><p>El responsable del tractament \u00e9s:<\/p><p>Consultoria Financiero Actuarial, SLP en endavant l\u2019organitzaci\u00f3.<\/p><p>CIF: B-61642906<\/p><p>Domicili social: C\/ Avinguda Josep Tarradellas 38 \u2013 08029 \u2013 Barcelona<\/p><p>Adre\u00e7a de correu electr\u00f2nic: info@quibus.es<\/p><p><strong>2.- FINALITAT DEL TRACTAMENT<\/strong><\/p><p>En l\u2019organitzaci\u00f3 tractem la informaci\u00f3 que ens facilitin els clients per tal de:<\/p><ol class=\"wp-block-list\"><li>Gestionar la relaci\u00f3 contractual consistent en la prestaci\u00f3 del servei:<\/li><\/ol><p>\u2013 Consultoria i assessorament actuarial, financer, econ\u00f2mic i fiscal.<\/p><p>\u2013 Emissi\u00f3 de dict\u00e0mens actuarials.<\/p><p>\u2013 Valoracions actuarials i financeres.<\/p><p>\u2013 An\u00e0lisi dels compromisos per pensions, de les inversions, tarificaci\u00f3 de les primes i quotes d\u2019asseguran\u00e7a.<\/p><p>\u2013 Funci\u00f3 actuarial de l\u2019entitat.<\/p><p>\u2013 Revisor de l\u2019informe de situaci\u00f3 financera i de solv\u00e8ncia de l\u2019entitat.<\/p><p>\u2013 Estudi de mobilitzacions de fons de contractes d\u2019assegurances de jubilaci\u00f3 i plans de pensions.<\/p><p>\u2013 C\u00e0lculs actuarials i financers.<\/p><p>\u2013 Valoraci\u00f3 d\u2019acord amb normativa comptable nacional i internacional.<\/p><p>\u2013 Redacci\u00f3&nbsp; de notes a la mem\u00f2ria.<\/p><p>\u2013 C\u00e0lcul de prestacions p\u00fabliques de la Seguretat Social.<\/p><p>\u2013 Redactat de modificacions de reglaments de fundacions, plans de pensions, contractes de &nbsp;&nbsp;&nbsp; &nbsp;&nbsp;&nbsp;&nbsp;&nbsp;&nbsp;&nbsp;&nbsp;&nbsp;&nbsp;&nbsp; assegurances i convenis col\u00b7lectius.<\/p><p>\u2013 C\u00e0lculs de compensacions per negociacions amb representants dels treballadors per eli&nbsp;&nbsp;&nbsp;&nbsp;&nbsp;&nbsp;&nbsp;&nbsp;&nbsp; &nbsp;&nbsp;&nbsp;&nbsp;&nbsp;&nbsp;&nbsp;&nbsp;&nbsp;&nbsp;&nbsp; minar conceptes salarials o modificar convenis col\u00b7lectius.<\/p><p>\u2013 Millora de m\u00e8todes i aplicaci\u00f3 d\u2019incentius de productivitat.<\/p><p>\u2013 An\u00e0lisi i determinaci\u00f3 comptable de costos.<\/p><p>\u2013 Certificaci\u00f3 amb o sense interpretaci\u00f3 de balan\u00e7os, seients, comptes, saldos, revisi\u00f3 i verifi&nbsp;&nbsp;&nbsp;&nbsp;&nbsp;&nbsp;&nbsp;&nbsp;&nbsp;&nbsp;&nbsp;&nbsp;&nbsp;&nbsp; &nbsp;&nbsp;&nbsp;&nbsp;&nbsp;&nbsp;&nbsp;&nbsp;&nbsp;&nbsp;&nbsp; caci\u00f3 de balan\u00e7os i comptes de resultats.<\/p><p>\u2013 An\u00e0lisi i planificaci\u00f3 d\u2019inversions.<\/p><p>\u2013 Assist\u00e8ncia t\u00e8cnica en relaci\u00f3 amb l\u2019Administraci\u00f3 P\u00fablica i organismes aut\u00f2noms.<\/p><p>\u2013 Assessorament o de representaci\u00f3 d\u2019interessos particulars en organismes de tota mena, quan &nbsp;&nbsp;&nbsp;&nbsp;&nbsp;&nbsp;&nbsp;&nbsp;&nbsp;&nbsp;&nbsp; do s\u2019exigeixi per disposici\u00f3 legal la pres\u00e8ncia de t\u00e8cnics en economia de l\u2019empresa o d\u2019actuari<\/p><ol class=\"wp-block-list\" start=\"2\"><li>Realitzar estudis de mercat i estad\u00edstiques.<\/li><li>Gestionar possibles incid\u00e8ncies.<\/li><li>Gestionar els tr\u00e0mits i comunicacions administratives que puguin derivar-se de la relaci\u00f3 contractual.<\/li><li>No es generar\u00e0 cap perfil sobre la seva navegaci\u00f3 pel que no es prendran decisions automatitzades sobre la base del mateix.<\/li><li>Poder realitzar la gesti\u00f3 comptable, fiscal i administrativa, derivada del servei.<\/li><\/ol><p><strong>3.- TERMINI DE CONSERVACI\u00d3<\/strong><\/p><p>Les dades personals seran mantinguts mentre es mantingui la vinculaci\u00f3 amb l\u2019organitzaci\u00f3. En finalitzar els mateixos, les dades personals tractades en cadascuna de les finalitats indicades es mantindran durant els terminis legalment previstos o durant el termini que un jutge o tribunal els pugui requerir atenent al termini de prescripci\u00f3 d\u2019accions judicials. Si no hi ha aquest termini legal, fins que l\u2019interessat sol\u00b7liciti la seva supressi\u00f3 o revoqui el consentiment atorgat.<\/p><p><strong>4.- LEGITIMACIO DEL TRACTAMENT<\/strong><\/p><p>La base legal principal per al tractament de les seves dades \u00e9s l\u2019execuci\u00f3 del contracte de prestaci\u00f3 de serveis sol \u00b7 licitat.<\/p><p>Nom\u00e9s es sol\u00b7liciten dades necess\u00e0ries i d\u2019obligada complementaci\u00f3 per poder prestar-li el servei. De no facilitar els mateixos no podr\u00e0 prestar-se el servei sol\u00b7licitat.<\/p><p><strong>5.- DESTINATARIS DE CESSIONS O TRANSFER\u00c8NCIES<\/strong><\/p><p>No es tenen previstes cessions de dades.<\/p><p>L\u2019informem tamb\u00e9 de l\u2019exist\u00e8ncia d\u2019Encarregats de Tractament, la legitimitat del tractament \u00e9s l\u2019execuci\u00f3 del contracte de l\u2019enc\u00e0rrec i amb els quals se signa el degut contracte d\u2019acc\u00e9s a dades per compte de tercers. Tamb\u00e9 es t\u00e9 la deguda dilig\u00e8ncia a l\u2019hora de triar \u00fanicament encarregats que ofereixin garanties suficients per aplicar mesures t\u00e8cniques i organitzatives apropiades, de manera que el tractament sigui conforme amb els requisits del Reglament.<\/p><p>Per contra, no es tenen previstes transfer\u00e8ncies internacionals de dades ni mitjan\u00e7ant cessi\u00f3 ni mitjan\u00e7ant enc\u00e0rrec de tractament.<\/p><p><strong>6.- DRETS DE LES PERSONES INTERESSADES<\/strong><\/p><p>Els clients tenen dret a accedir a les seves dades personals, aix\u00ed com a obtenir sense dilaci\u00f3 indeguda de la nostra part la rectificaci\u00f3 de les dades personals inexactes que li concerneixin o completant les dades personals que siguin incompletes, inclusivament mitjan\u00e7ant una declaraci\u00f3 addicional.<\/p><p>Igualment, l\u2019informem que pot sol\u00b7licitar la supressi\u00f3 de les seves dades quan, entre d\u2019altres motius:<\/p><ol class=\"wp-block-list\"><li>a) les dades personals ja no siguin necessaris en relaci\u00f3 amb els fins per als quals van ser recollits o tractats d\u2019una altra manera perqu\u00e8 ja va finalitzar l\u2019execuci\u00f3 de la prestaci\u00f3 de serveis.<\/li><li>b) el client intu\u00eds o hagu\u00e9s rebut informaci\u00f3 de que les dades personals hagin estat tractats il\u00b7l\u00edcitament;<\/li><li>c) les dades personals hagin de suprimir per al compliment d\u2019una obligaci\u00f3 legal establerta en el Dret de la Uni\u00f3 o dels estats membres que s\u2019apliqui al responsable del tractament;<\/li><\/ol><p>En les seg\u00fcents circumst\u00e0ncies, podran sol\u00b7licitar la limitaci\u00f3 del tractament de les seves dades:<\/p><ol class=\"wp-block-list\"><li>a) quan el client impugni l\u2019exactitud de les dades personals, durant un termini que permeti al responsable verificar l\u2019exactitud dels mateixos;<\/li><li>b) quan el tractament sigui il\u00b7l\u00edcit i el client s\u2019oposi a la supressi\u00f3 de les dades personals i sol\u00b7liciti en el seu lloc la limitaci\u00f3 del seu \u00fas;<\/li><li>c) Quan l\u2019organitzaci\u00f3: ja no necessiti les dades personals per a les finalitats del tractament, per\u00f2 el client els necessiti per a la formulaci\u00f3, l\u2019exercici o la defensa de reclamacions;<\/li><\/ol><p>En determinades circumst\u00e0ncies i per motius relacionats amb la seva situaci\u00f3 particular, els interessats podran oposar-se al tractament de les seves dades. L\u2019organitzaci\u00f3 deixar\u00e0 de tractar les dades, excepte per motius leg\u00edtims imperiosos, o l\u2019exercici o la defensa de possibles reclamacions.<\/p><p>Les dades facilitades amb finalitat de publicitar els nostres serveis es basen en el consentiment, de manera que aquest consentiment podr\u00e0 ser revocat en qualsevol moment sense que produeixi efectes retroactius o exercir un dret d\u2019oposici\u00f3 al tractament de les seves dades amb aquestes finalitats.<\/p><p>Per a l\u2019exercici de qualsevol d\u2019aquests drets o per revocar el consentiment pot fer-ho enviant un Mail a info@quibus.es<\/p><p>Finalment li informem que si no contestem en termini a alguna de les seves sol\u00b7licituds o no est\u00e0 d\u2019acord amb la nostra contestaci\u00f3 pot acudir a l\u2019Ag\u00e8ncia Espanyola de Protecci\u00f3 de dades i exercir una tutela dels seus drets.<\/p><p>Deure d\u2019Informaci\u00f3 RGPD<br><strong>Clients particulars i advocats<\/strong><\/p><p><strong><u>Informaci\u00f3 addicional:<\/u><\/strong><\/p><p>Com a part del compliment de l\u2019art. 13 i 14 del REGLAMENT (UE) 2016\/679 DEL PARLAMENT EUROPEU I DEL CONSELL de 27 d\u2019abril de 2016 relatiu a la protecci\u00f3 de les persones f\u00edsiques pel que fa al tractament de dades personals i a la lliure circulaci\u00f3 d\u2019aquestes dades i pel qual es deroga la Directiva 95\/46 \/ CE (Reglament general de protecci\u00f3 de dades), detallem el deure d\u2019informaci\u00f3 ja esmentat en la informaci\u00f3 principal:<\/p><p><strong>1.- RESPONSABLE DEL TRACTAMENT<\/strong><\/p><p>El responsable del tractament \u00e9s:<\/p><p>Consultoria Financiero Actuarial, SLP en endavant l\u2019organitzaci\u00f3.<\/p><p>CIF: B-61642906<\/p><p>Domicili social: C\/ Avinguda Josep Tarradellas 38 \u2013 08029 \u2013 Barcelona<\/p><p>Adre\u00e7a de correu electr\u00f2nic: info@quibus.es<\/p><p><strong>2.- FINALITAT DEL TRACTAMENT<\/strong><\/p><p>En l\u2019organitzaci\u00f3 tractem la informaci\u00f3 que ens facilitin els clients per tal de:<\/p><ol class=\"wp-block-list\"><li>Gestionar la relaci\u00f3 contractual consistent en la prestaci\u00f3 del servei:<\/li><\/ol><p>\u2013 Consultoria i assessorament actuarial, financer, econ\u00f2mic i fiscal.<\/p><p>\u2013 Emissi\u00f3 de dict\u00e0mens actuarials.<\/p><p>\u2013 Valoracions actuarials i financeres.<\/p><p>\u2013 Emissi\u00f3 de dict\u00e0mens pericials de productes asseguradors i financers,<\/p><p>\u2013 C\u00e0lcul de prestacions p\u00fabliques de la Seguretat Social,<\/p><p>\u2013 C\u00e0lcul d\u2019indemnitzacions barem d\u2019accidents de circulaci\u00f3 d\u2019autom\u00f2bils,<\/p><p>\u2013 Assist\u00e8ncia t\u00e8cnica en relaci\u00f3 amb l\u2019Administraci\u00f3 P\u00fablica i Organismes Aut\u00f2noms<\/p><p>\u2013 Assessorament o representaci\u00f3 d\u2019interessos particulars en organismes de tota mena, quan&nbsp;&nbsp;&nbsp;&nbsp;&nbsp; &nbsp;&nbsp;&nbsp;&nbsp;&nbsp;&nbsp;&nbsp;&nbsp;&nbsp;&nbsp;&nbsp; s\u2019exigeixi per disposici\u00f3 legal la pres\u00e8ncia de t\u00e8cnics en economia de l\u2019empresa o d\u2019actuari.<\/p><ol class=\"wp-block-list\" start=\"2\"><li>Realitzar estudis de mercat i estad\u00edstiques.<\/li><li>Gestionar possibles incid\u00e8ncies.<\/li><li>Gestionar els tr\u00e0mits i comunicacions administratives que puguin derivar-se de la relaci\u00f3 contractual.<\/li><li>No es generar\u00e0 cap perfil sobre la seva navegaci\u00f3 pel que no es prendran decisions automatitzades sobre la base del mateix.<\/li><li>Poder realitzar la gesti\u00f3 comptable, fiscal i administrativa, derivada del servei.<\/li><\/ol><p><strong>3.- TERMINI DE CONSERVACI\u00d3<\/strong><\/p><p>Les dades personals seran mantinguts mentre es mantingui la vinculaci\u00f3 amb l\u2019organitzaci\u00f3. En finalitzar els mateixos, les dades personals tractades en cadascuna de les finalitats indicades es mantindran durant els terminis legalment previstos o durant el termini que un jutge o tribunal els pugui requerir atenent al termini de prescripci\u00f3 d\u2019accions judicials. Si no hi ha aquest termini legal, fins que l\u2019interessat sol\u00b7liciti la seva supressi\u00f3 o revoqui el consentiment atorgat.<\/p><p><strong>4.- LEGITIMACIO DEL TRACTAMENT<\/strong><\/p><p>La base legal principal per al tractament de les seves dades \u00e9s l\u2019execuci\u00f3 del contracte de prestaci\u00f3 de serveis sol \u00b7 licitat.<\/p><p>Nom\u00e9s es sol\u00b7liciten dades necess\u00e0ries i d\u2019obligada complementaci\u00f3 per poder prestar-li el servei. De no facilitar els mateixos no podr\u00e0 prestar-se el servei sol\u00b7licitat.<\/p><p><strong>5.- DESTINATARIS DE CESSIONS O TRANSFER\u00c8NCIES<\/strong><\/p><p>No es tenen previstes cessions de dades.<\/p><p>L\u2019informem tamb\u00e9 de l\u2019exist\u00e8ncia d\u2019Encarregats de Tractament, la legitimitat del tractament \u00e9s l\u2019execuci\u00f3 del contracte de l\u2019enc\u00e0rrec i amb els quals se signa el degut contracte d\u2019acc\u00e9s a dades per compte de tercers. Tamb\u00e9 es t\u00e9 la deguda dilig\u00e8ncia a l\u2019hora de triar \u00fanicament encarregats que ofereixin garanties suficients per aplicar mesures t\u00e8cniques i organitzatives apropiades, de manera que el tractament sigui conforme amb els requisits del Reglament.<\/p><p>Per contra, no es tenen previstes transfer\u00e8ncies internacionals de dades ni mitjan\u00e7ant cessi\u00f3 ni mitjan\u00e7ant enc\u00e0rrec de tractament.<\/p><p><strong>6.- DRETS DE LES PERSONES INTERESSADES<\/strong><\/p><p>Els clients tenen dret a accedir a les seves dades personals, aix\u00ed com a obtenir sense dilaci\u00f3 indeguda de la nostra part la rectificaci\u00f3 de les dades personals inexactes que li concerneixin o completant les dades personals que siguin incompletes, inclusivament mitjan\u00e7ant una declaraci\u00f3 addicional.<\/p><p>Igualment, l\u2019informem que pot sol\u00b7licitar la supressi\u00f3 de les seves dades quan, entre d\u2019altres motius:<\/p><ol class=\"wp-block-list\"><li>a) les dades personals ja no siguin necessaris en relaci\u00f3 amb els fins per als quals van ser recollits o tractats d\u2019una altra manera perqu\u00e8 ja va finalitzar l\u2019execuci\u00f3 de la prestaci\u00f3 de serveis.<\/li><li>b) el client intu\u00eds o hagu\u00e9s rebut informaci\u00f3 de que les dades personals hagin estat tractats il\u00b7l\u00edcitament;<\/li><li>c) les dades personals hagin de suprimir per al compliment d\u2019una obligaci\u00f3 legal establerta en el Dret de la Uni\u00f3 o dels estats membres que s\u2019apliqui al responsable del tractament;<\/li><\/ol><p>En les seg\u00fcents circumst\u00e0ncies, podran sol\u00b7licitar la limitaci\u00f3 del tractament de les seves dades:<\/p><ol class=\"wp-block-list\"><li>a) quan el client impugni l\u2019exactitud de les dades personals, durant un termini que permeti al responsable verificar l\u2019exactitud dels mateixos;<\/li><li>b) quan el tractament sigui il\u00b7l\u00edcit i el client s\u2019oposi a la supressi\u00f3 de les dades personals i sol\u00b7liciti en el seu lloc la limitaci\u00f3 del seu \u00fas;<\/li><li>c) Quan l\u2019organitzaci\u00f3: ja no necessiti les dades personals per a les finalitats del tractament, per\u00f2 el client els necessiti per a la formulaci\u00f3, l\u2019exercici o la defensa de reclamacions;<\/li><\/ol><p>En determinades circumst\u00e0ncies i per motius relacionats amb la seva situaci\u00f3 particular, els interessats podran oposar-se al tractament de les seves dades. L\u2019organitzaci\u00f3 deixar\u00e0 de tractar les dades, excepte per motius leg\u00edtims imperiosos, o l\u2019exercici o la defensa de possibles reclamacions.<\/p><p>Les dades facilitades amb finalitat de publicitar els nostres serveis es basen en el consentiment, de manera que aquest consentiment podr\u00e0 ser revocat en qualsevol moment sense que produeixi efectes retroactius o exercir un dret d\u2019oposici\u00f3 al tractament de les seves dades amb aquestes finalitats.<\/p><p>Per a l\u2019exercici de qualsevol d\u2019aquests drets o per revocar el consentiment pot fer-ho enviant un Mail a info@quibus.es<\/p><p>Finalment li informem que si no contestem en termini a alguna de les seves sol\u00b7licituds o no est\u00e0 d\u2019acord amb la nostra contestaci\u00f3 pot acudir a l\u2019Ag\u00e8ncia Espanyola de Protecci\u00f3 de dades i exercir una tutela dels seus drets.<\/p>","protected":false},"excerpt":{"rendered":"<p>Deure d\u2019Informaci\u00f3 RGPDUsuaris web \/ Mail \/ Potencials clients Informaci\u00f3 addicional: Com a part del compliment de l\u2019art. 13 i 14 del REGLAMENT (UE) 2016\/679 DEL PARLAMENT EUROPEU I DEL CONSELL de 27 d\u2019abril de 2016 relatiu a la protecci\u00f3 de les persones f\u00edsiques pel que fa al tractament de<span class=\"excerpt-hellip\"> [\u2026]<\/span><\/p>\n","protected":false},"author":1,"featured_media":0,"parent":0,"menu_order":0,"comment_status":"closed","ping_status":"open","template":"","meta":{"footnotes":""},"class_list":["post-1373","page","type-page","status-publish","hentry"],"aioseo_notices":[],"_links":{"self":[{"href":"https:\/\/quibus.es\/ca\/wp-json\/wp\/v2\/pages\/1373","targetHints":{"allow":["GET"]}}],"collection":[{"href":"https:\/\/quibus.es\/ca\/wp-json\/wp\/v2\/pages"}],"about":[{"href":"https:\/\/quibus.es\/ca\/wp-json\/wp\/v2\/types\/page"}],"author":[{"embeddable":true,"href":"https:\/\/quibus.es\/ca\/wp-json\/wp\/v2\/users\/1"}],"replies":[{"embeddable":true,"href":"https:\/\/quibus.es\/ca\/wp-json\/wp\/v2\/comments?post=1373"}],"version-history":[{"count":2,"href":"https:\/\/quibus.es\/ca\/wp-json\/wp\/v2\/pages\/1373\/revisions"}],"predecessor-version":[{"id":1594,"href":"https:\/\/quibus.es\/ca\/wp-json\/wp\/v2\/pages\/1373\/revisions\/1594"}],"wp:attachment":[{"href":"https:\/\/quibus.es\/ca\/wp-json\/wp\/v2\/media?parent=1373"}],"curies":[{"name":"wp","href":"https:\/\/api.w.org\/{rel}","templated":true}]}}